{"id":107,"date":"2016-02-19T09:24:59","date_gmt":"2016-02-19T09:24:59","guid":{"rendered":"http:\/\/plethorathemes.com\/healthflex\/health-coach\/?page_id=107"},"modified":"2023-10-07T18:33:08","modified_gmt":"2023-10-07T18:33:08","slug":"home","status":"publish","type":"page","link":"https:\/\/diyetisyenmeriem.com\/","title":{"rendered":"Home"},"content":{"rendered":"<div class=\"wpb-content-wrapper\"><p>[vc_row full_width=&#8221;0&#8243; full_height=&#8221;0&#8243; row_padding=&#8221;no_padding&#8221; cols_padding=&#8221;no_cols_padding&#8221; elevate=&#8221;elevate&#8221; background=&#8221;transparent&#8221; el_class=&#8221;folded_section&#8221;][vc_column width=&#8221;1\/4&#8243; color_set=&#8221;dark_section&#8221; background=&#8221;transparent&#8221; offset=&#8221;vc_col-xs-6&#8243;]<!-- ========================== TEASER BOX ==========================-->\n<div class=\"teaser_box wpb_content_element text-center  transparent boxed same_height_col  with_button    \">\n\n  <div class=\"figure transparent\">\n\n\n      <a href=\"#\" debug title=\"\" target=\"\"> \n\n        \n        \n        \n         <img decoding=\"async\" src=\"https:\/\/diyetisyenmeriem.com\/wp-content\/uploads\/2016\/02\/yoga-1.png\" alt=\"Hastal\u0131klarda Beslenme\">   \n\n        \n\n    <\/a>\n\n  <\/div>\n\n\n\n  <div class=\"content text-center   with_button \">\n    \n    <div class=\"hgroup\">\n       <h4 class=\"neutralize_links\">\n       Hastal\u0131klarda Beslenme\n       <\/h4>\n       <p>Sa\u011fl\u0131kl\u0131 beslenme ve egzersizle kilo verme hedeflerine y\u00f6nelik \u00f6zelle\u015ftirilmi\u015f planlar sunar.<\/p> \n    <\/div>\n\n    \n\n    <div class=\"link centered\">\n        <a href=\"#\"  target=\"\" class=\"btn btn-xs btn-secondary\"><strong>Bilgi<\/strong><\/a>\n    <\/div>\n\n  <\/div>\n\n<\/div>\n\n<!-- END======================= TEASER BOX ==========================-->[\/vc_column][vc_column width=&#8221;1\/4&#8243; color_set=&#8221;skincolored_section&#8221; background=&#8221;transparent&#8221; offset=&#8221;vc_col-xs-6&#8243;]<!-- ========================== TEASER BOX ==========================-->\n<div class=\"teaser_box wpb_content_element text-center  transparent boxed same_height_col  with_button    \">\n\n  <div class=\"figure transparent\">\n\n\n      <a href=\"https:\/\/diyetisyenmeriem.com\/index.php\/online-diyet\/\" debug title=\"Online Diyet ve Paketler\" target=\"\"> \n\n        \n        \n        \n         <img decoding=\"async\" src=\"https:\/\/diyetisyenmeriem.com\/wp-content\/uploads\/2016\/02\/heart-watch.png\" alt=\"Online Diyet\">   \n\n        \n\n    <\/a>\n\n  <\/div>\n\n\n\n  <div class=\"content text-center   with_button \">\n    \n    <div class=\"hgroup\">\n       <h4 class=\"neutralize_links\">\n       Online Diyet\n       <\/h4>\n       <p>Uzaktan destekle sa\u011fl\u0131kl\u0131 beslen, ki\u015fiselle\u015ftirilmi\u015f planlarla hedeflerine ula\u015f! Esnek, kolay ve etkili.<\/p> \n    <\/div>\n\n    \n\n    <div class=\"link centered\">\n        <a href=\"https:\/\/diyetisyenmeriem.com\/index.php\/online-diyet\/\" Online Diyet ve Paketler target=\"\" class=\"btn btn-xs btn-secondary\"><strong>Bilgi<\/strong><\/a>\n    <\/div>\n\n  <\/div>\n\n<\/div>\n\n<!-- END======================= TEASER BOX ==========================-->[\/vc_column][vc_column width=&#8221;1\/4&#8243; color_set=&#8221;dark_section&#8221; offset=&#8221;vc_col-xs-6&#8243;]<!-- ========================== TEASER BOX ==========================-->\n<div class=\"teaser_box wpb_content_element text-center  transparent boxed same_height_col  with_button    \">\n\n  <div class=\"figure transparent\">\n\n\n      <a href=\"#\" debug title=\"\" target=\"\"> \n\n        \n        \n        \n         <img decoding=\"async\" src=\"https:\/\/diyetisyenmeriem.com\/wp-content\/uploads\/2023\/10\/pregnant.png\" alt=\"Gebelik ve Emziklilik D\u00f6neminde Beslenme\">   \n\n        \n\n    <\/a>\n\n  <\/div>\n\n\n\n  <div class=\"content text-center   with_button \">\n    \n    <div class=\"hgroup\">\n       <h4 class=\"neutralize_links\">\n       Gebelik ve Emziklilik D\u00f6neminde Beslenme\n       <\/h4>\n       <p>\u015eirketler i\u00e7in sa\u011fl\u0131kl\u0131 beslenme programlar\u0131 ve \u00e7al\u0131\u015fanlar\u0131n refah\u0131n\u0131 art\u0131ran \u00f6zel \u00e7\u00f6z\u00fcmler sunar.<\/p> \n    <\/div>\n\n    \n\n    <div class=\"link centered\">\n        <a href=\"#\"  target=\"\" class=\"btn btn-xs btn-secondary\"><strong>Bilgi<\/strong><\/a>\n    <\/div>\n\n  <\/div>\n\n<\/div>\n\n<!-- END======================= TEASER BOX ==========================-->[\/vc_column][vc_column width=&#8221;1\/4&#8243; color_set=&#8221;skincolored_section&#8221; background=&#8221;transparent&#8221; offset=&#8221;vc_col-xs-6&#8243;]<!-- ========================== TEASER BOX ==========================-->\n<div class=\"teaser_box wpb_content_element text-center  transparent boxed same_height_col  with_button    \">\n\n  <div class=\"figure transparent\">\n\n\n      <a href=\"#\" debug title=\"\" target=\"\"> \n\n        \n        \n        \n         <img decoding=\"async\" src=\"https:\/\/diyetisyenmeriem.com\/wp-content\/uploads\/2016\/02\/calendar.png\" alt=\"Kurumsal Beslenme\">   \n\n        \n\n    <\/a>\n\n  <\/div>\n\n\n\n  <div class=\"content text-center   with_button \">\n    \n    <div class=\"hgroup\">\n       <h4 class=\"neutralize_links\">\n       Kurumsal Beslenme\n       <\/h4>\n       <p>Kurumsal beslenme \u00e7\u00f6z\u00fcmleri: Sa\u011fl\u0131kl\u0131 \u00e7al\u0131\u015fanlar, daha verimli i\u015fler demektir.<\/p> \n    <\/div>\n\n    \n\n    <div class=\"link centered\">\n        <a href=\"#\"  target=\"\" class=\"btn btn-xs btn-secondary\"><strong>Bilgi<\/strong><\/a>\n    <\/div>\n\n  <\/div>\n\n<\/div>\n\n<!-- END======================= TEASER BOX ==========================-->[\/vc_column][\/vc_row][vc_row full_width=&#8221;0&#8243; full_height=&#8221;0&#8243; row_padding=&#8221;no_top_padding&#8221; sep_bottom=&#8221;separator_bottom sep_angled_positive_bottom&#8221; particles=&#8221;0&#8243;][vc_column]<div class=\"section_header subtitle_bottom   fancy text-left\">\n\n    <h2>Sa\u011fl\u0131kl\u0131 Ya\u015fam i\u00e7in Do\u011fru Adres<\/h2>\n\n\n        <p ><\/p>\n<\/div>[\/vc_column][vc_column heading_align=&#8221;text-center&#8221; align=&#8221;text-left&#8221; margin=&#8221;margin_bottom_grid&#8221; offset=&#8221;vc_col-md-8&#8243;][vc_column_text]Sa\u011fl\u0131kl\u0131 bir ya\u015fam tarz\u0131na ad\u0131m atman\u0131n ilk ad\u0131m\u0131n\u0131 atm\u0131\u015f bulunuyorsunuz. Diyetisyenimiz, sizin i\u00e7in ki\u015fiselle\u015ftirilmi\u015f beslenme \u00e7\u00f6z\u00fcmleri sunmak i\u00e7in burada. Her bireyin beslenme ihtiya\u00e7lar\u0131 farkl\u0131d\u0131r ve biz, size en uygun plan\u0131 olu\u015fturmak i\u00e7in buraday\u0131z.[\/vc_column_text][vc_text_separator title=&#8221;&#8221; title_align=&#8221;separator_align_left&#8221; align=&#8221;align_right&#8221; color=&#8221;black&#8221;][vc_column_text]Beslenme, sa\u011fl\u0131k ve mutlulu\u011fun temel ta\u015flar\u0131ndan biridir. Sadece kilo verme veya kilo alma de\u011fil, genel sa\u011fl\u0131\u011f\u0131n\u0131z\u0131 iyile\u015ftirmek, enerjinizi art\u0131rmak ve daha iyi hissetmek i\u00e7in do\u011fru beslenme al\u0131\u015fkanl\u0131klar\u0131 geli\u015ftirmeniz \u00f6nemlidir.[\/vc_column_text][vc_column_text]<\/p>\n<div class=\"flex-1 overflow-hidden\">\n<div class=\"react-scroll-to-bottom--css-dmgke-79elbk h-full dark:bg-gray-800\">\n<div class=\"react-scroll-to-bottom--css-dmgke-1n7m0yu\">\n<div class=\"flex flex-col text-sm dark:bg-gray-800\">\n<div class=\"group w-full text-gray-800 dark:text-gray-100 border-b border-black\/10 dark:border-gray-900\/50 bg-gray-50 dark:bg-[#444654]\">\n<div class=\"flex p-4 gap-4 text-base md:gap-6 md:max-w-2xl lg:max-w-[38rem] xl:max-w-3xl md:py-6 lg:px-0 m-auto\">\n<div class=\"relative flex w-[calc(100%-50px)] flex-col gap-1 md:gap-3 lg:w-[calc(100%-115px)]\">\n<div class=\"flex flex-grow flex-col gap-3\">\n<div class=\"min-h-[20px] flex items-start overflow-x-auto whitespace-pre-wrap break-words flex-col gap-4\">\n<div class=\"markdown prose w-full break-words dark:prose-invert dark\">\n<p>Diyetisyenimiz, bilimsel temellere dayal\u0131 yakla\u015f\u0131mlar\u0131yla size rehberlik edecekler. Beslenme planlar\u0131m\u0131z, sizin hedeflerinize ve ya\u015fam tarz\u0131n\u0131za uyacak \u015fekilde \u00f6zelle\u015ftirilir. Ayr\u0131ca, sizi motive etmek ve ilerlemenizi takip etmek i\u00e7in buraday\u0131z.<\/p>\n<\/div>\n<\/div>\n<\/div>\n<\/div>\n<\/div>\n<\/div>\n<\/div>\n<\/div>\n<\/div>\n<\/div>\n<p>[\/vc_column_text][vc_column_text]<\/p>\n<div class=\"flex-1 overflow-hidden\">\n<div class=\"react-scroll-to-bottom--css-dmgke-79elbk h-full dark:bg-gray-800\">\n<div class=\"react-scroll-to-bottom--css-dmgke-1n7m0yu\">\n<div class=\"flex flex-col text-sm dark:bg-gray-800\">\n<div class=\"group w-full text-gray-800 dark:text-gray-100 border-b border-black\/10 dark:border-gray-900\/50 bg-gray-50 dark:bg-[#444654]\">\n<div class=\"flex p-4 gap-4 text-base md:gap-6 md:max-w-2xl lg:max-w-[38rem] xl:max-w-3xl md:py-6 lg:px-0 m-auto\">\n<div class=\"relative flex w-[calc(100%-50px)] flex-col gap-1 md:gap-3 lg:w-[calc(100%-115px)]\">\n<div class=\"flex flex-grow flex-col gap-3\">\n<div class=\"min-h-[20px] flex items-start overflow-x-auto whitespace-pre-wrap break-words flex-col gap-4\">\n<div class=\"markdown prose w-full break-words dark:prose-invert dark\">\n<p>Daha sa\u011fl\u0131kl\u0131 bir gelece\u011fe ad\u0131m atmak i\u00e7in bizimle \u00e7al\u0131\u015fmay\u0131 se\u00e7ti\u011finiz i\u00e7in tebrikler! Sa\u011fl\u0131k ve mutlulu\u011funuz i\u00e7in size yard\u0131mc\u0131 olmaktan mutluluk duyar\u0131z. \u0130lerleyen g\u00fcnlerde sitemizdeki beslenme ipu\u00e7lar\u0131, tarifler ve makalelerle sizinle birlikte olaca\u011f\u0131z.<\/p>\n<\/div>\n<\/div>\n<\/div>\n<\/div>\n<\/div>\n<\/div>\n<\/div>\n<\/div>\n<\/div>\n<\/div>\n<p>[\/vc_column_text]<div class=\"plethora_button wpb_content_element   text-left \">\n    <a href=\"https:\/\/diyetisyenmeriem.com\/index.php\/connect\/\" debug class=\" btn btn-primary  \" title=\"Connect\"  target=\"_self\">\n\n        \n        Randevu Al\n        \n\n    <\/a>\n<\/div>[\/vc_column][vc_column width=&#8221;1\/2&#8243; align=&#8221;text-left&#8221; offset=&#8221;vc_col-md-4&#8243;]<!-- ========================== TEASER BOX ==========================-->\n<div class=\"teaser_box wpb_content_element text-center      with_button    \">\n\n  <div class=\"figure \">\n\n\n      <a href=\"https:\/\/diyetisyenmeriem.com\/index.php\/online-diyet\/\" debug title=\"Online Diyet ve Paketler\" target=\"\"> \n\n        \n        \n        \n         <img decoding=\"async\" src=\"https:\/\/diyetisyenmeriem.com\/wp-content\/uploads\/2023\/10\/connect-1.png\" alt=\"Online Diyet Nedir ?\">   \n\n        \n\n    <\/a>\n\n  <\/div>\n\n\n\n  <div class=\"content text-center   with_button \">\n    \n    <div class=\"hgroup\">\n       <h4 class=\"neutralize_links\">\n       Online Diyet Nedir ?\n       <\/h4>\n       <p>Detayl\u0131 bilgi i\u00e7in Online Diyet Sayfam\u0131za G\u00f6z at\u0131n\u0131z<\/p> \n    <\/div>\n\n    \n\n    <div class=\"link centered\">\n        <a href=\"https:\/\/diyetisyenmeriem.com\/index.php\/online-diyet\/\" Online Diyet ve Paketler target=\"\" class=\"btn btn-xs btn-default\"><strong>More<\/strong><\/a>\n    <\/div>\n\n  <\/div>\n\n<\/div>\n\n<!-- END======================= TEASER BOX ==========================-->[\/vc_column][\/vc_row][vc_row color_set=&#8221;secondary_section&#8221; full_width=&#8221;0&#8243; full_height=&#8221;0&#8243; particles=&#8221;0&#8243;][vc_column heading_align=&#8221;text-center&#8221; align=&#8221;text-left&#8221; margin=&#8221;margin_bottom_grid&#8221; offset=&#8221;vc_col-lg-8&#8243;]<div class=\"section_header subtitle_bottom   fancy text-left\">\n\n    <h2>Online Diyet<\/h2>\n\n\n        <p >Beslenme Dan\u0131\u015fmanl\u0131\u011f\u0131<\/p>\n<\/div>[vc_row_inner][vc_column_inner width=&#8221;1\/4&#8243;]<!-- ========================== TEASER BOX ==========================-->\n<div class=\"teaser_box wpb_content_element text-center  transparent    with_button    \">\n\n  <div class=\"figure transparent\">\n\n\n      <a href=\"https:\/\/diyetisyenmeriem.com\/index.php\/online-diyet\/\" debug title=\"ONL\u0130NE D\u0130YET\" target=\"\"> \n\n        \n         <div class=\"figure transparent stretchy_wrapper ratio_4-3\" style=\"background-image:url('https:\/\/diyetisyenmeriem.com\/wp-content\/uploads\/2016\/02\/Comp_82455233.jpg')\"><\/div> \n        \n          \n\n        \n\n    <\/a>\n\n  <\/div>\n\n\n\n  <div class=\"content text-center boxed_special  with_button \">\n    \n    <div class=\"hgroup\">\n       <h4 class=\"neutralize_links\">\n       Kilo Y\u00f6netimi\n       <\/h4>\n      \n    <\/div>\n\n     <div class=\"desc\"><p>Kilo Verme<br \/>\nKilo Alma<\/p><\/div> \n\n    <div class=\"link centered\">\n        <a href=\"https:\/\/diyetisyenmeriem.com\/index.php\/online-diyet\/\" ONL\u0130NE D\u0130YET target=\"\" class=\"btn btn-xs btn-primary\"><strong>B\u0130LG\u0130 AL<\/strong><\/a>\n    <\/div>\n\n  <\/div>\n\n<\/div>\n\n<!-- END======================= TEASER BOX ==========================-->[\/vc_column_inner][vc_column_inner width=&#8221;1\/4&#8243;]<!-- ========================== TEASER BOX ==========================-->\n<div class=\"teaser_box wpb_content_element text-center  transparent    with_button    \">\n\n  <div class=\"figure transparent\">\n\n\n      <a href=\"https:\/\/diyetisyenmeriem.com\/index.php\/online-diyet\/\" debug title=\"ONL\u0130NE D\u0130YET\" target=\"\"> \n\n        \n         <div class=\"figure transparent stretchy_wrapper ratio_4-3\" style=\"background-image:url('https:\/\/diyetisyenmeriem.com\/wp-content\/uploads\/2016\/02\/wellness-events.jpg')\"><\/div> \n        \n          \n\n        \n\n    <\/a>\n\n  <\/div>\n\n\n\n  <div class=\"content text-center boxed_special  with_button \">\n    \n    <div class=\"hgroup\">\n       <h4 class=\"neutralize_links\">\n       Toplu Beslenme Sistemleri\n       <\/h4>\n      \n    <\/div>\n\n     <div class=\"desc\"><p>Anaokulu<br \/>\nYa\u015fl\u0131\u00a0Bak\u0131m\u00a0Evleri<\/p><\/div> \n\n    <div class=\"link centered\">\n        <a href=\"https:\/\/diyetisyenmeriem.com\/index.php\/online-diyet\/\" ONL\u0130NE D\u0130YET target=\"\" class=\"btn btn-xs btn-primary\"><strong>B\u0130LG\u0130 AL<\/strong><\/a>\n    <\/div>\n\n  <\/div>\n\n<\/div>\n\n<!-- END======================= TEASER BOX ==========================-->[\/vc_column_inner][vc_column_inner width=&#8221;1\/4&#8243;]<!-- ========================== TEASER BOX ==========================-->\n<div class=\"teaser_box wpb_content_element text-center  transparent    with_button    \">\n\n  <div class=\"figure transparent\">\n\n\n      <a href=\"https:\/\/diyetisyenmeriem.com\/index.php\/online-diyet\/\" debug title=\"ONL\u0130NE D\u0130YET\" target=\"\"> \n\n        \n         <div class=\"figure transparent stretchy_wrapper ratio_4-3\" style=\"background-image:url('https:\/\/diyetisyenmeriem.com\/wp-content\/uploads\/2016\/02\/wellness-events.jpg')\"><\/div> \n        \n          \n\n        \n\n    <\/a>\n\n  <\/div>\n\n\n\n  <div class=\"content text-center boxed_special  with_button \">\n    \n    <div class=\"hgroup\">\n       <h4 class=\"neutralize_links\">\n       Anne \u00c7ocuk Beslenmesi\n       <\/h4>\n      \n    <\/div>\n\n     <div class=\"desc\"><p>Gebelik D\u00f6neminde Beslenme<br \/>\nEmziklilik D\u00f6neminde Beslenme<br \/>\nGestasy\u0131nel Diyabette Beslenme<br \/>\n\u00c7ocuk Beslenmesi<br \/>\n<\/p><\/div> \n\n    <div class=\"link centered\">\n        <a href=\"https:\/\/diyetisyenmeriem.com\/index.php\/online-diyet\/\" ONL\u0130NE D\u0130YET target=\"\" class=\"btn btn-xs btn-primary\"><strong>B\u0130LG\u0130 AL<\/strong><\/a>\n    <\/div>\n\n  <\/div>\n\n<\/div>\n\n<!-- END======================= TEASER BOX ==========================-->[\/vc_column_inner][vc_column_inner width=&#8221;1\/4&#8243;]<!-- ========================== TEASER BOX ==========================-->\n<div class=\"teaser_box wpb_content_element text-center  transparent    with_button    \">\n\n  <div class=\"figure transparent\">\n\n\n      <a href=\"https:\/\/diyetisyenmeriem.com\/index.php\/online-diyet\/\" debug title=\"ONL\u0130NE D\u0130YET\" target=\"\"> \n\n        \n         <div class=\"figure transparent stretchy_wrapper ratio_4-3\" style=\"background-image:url('https:\/\/diyetisyenmeriem.com\/wp-content\/uploads\/2016\/02\/group-sessions.jpg')\"><\/div> \n        \n          \n\n        \n\n    <\/a>\n\n  <\/div>\n\n\n\n  <div class=\"content text-center boxed_special  with_button \">\n    \n    <div class=\"hgroup\">\n       <h4 class=\"neutralize_links\">\n       Hastal\u0131klarda T\u0131bbi Beslenme Tedavisi\n       <\/h4>\n      \n    <\/div>\n\n     <div class=\"desc\"><p>Diyabet<br \/>\n\u0130ns\u00fclin Direnci<br \/>\nHipotiroidi<br \/>\nHipertiroidi<br \/>\nHashimato Tiroidi<br \/>\nHipertansiyon<br \/>\nKalp Hastahklar\u0131<br \/>\nPCOS<br \/>\nMenopoz<br \/>\n\u00c7\u00f6lyak<br \/>\nLaktoz \u0130ntolerans\u0131<br \/>\nBesin Alerjileri<\/p><\/div> \n\n    <div class=\"link centered\">\n        <a href=\"https:\/\/diyetisyenmeriem.com\/index.php\/online-diyet\/\" ONL\u0130NE D\u0130YET target=\"\" class=\"btn btn-xs btn-primary\"><strong>B\u0130LG\u0130 AL<\/strong><\/a>\n    <\/div>\n\n  <\/div>\n\n<\/div>\n\n<!-- END======================= TEASER BOX ==========================-->[\/vc_column_inner][\/vc_row_inner][\/vc_column][vc_column align=&#8221;text-left&#8221; color_set=&#8221;secondary_section&#8221; transparent_overlay=&#8221;transparent_film&#8221; boxed=&#8221;boxed_plus&#8221; offset=&#8221;vc_col-lg-4&#8243; heading=&#8221;Randevu Formu&#8221;]\n<div class=\"wpcf7 no-js\" id=\"wpcf7-f100-o1\" lang=\"en-US\" dir=\"ltr\" data-wpcf7-id=\"100\">\n<div class=\"screen-reader-response\"><p role=\"status\" aria-live=\"polite\" aria-atomic=\"true\"><\/p> <ul><\/ul><\/div>\n<form action=\"\/index.php\/wp-json\/wp\/v2\/pages\/107#wpcf7-f100-o1\" method=\"post\" class=\"wpcf7-form init\" aria-label=\"Contact form\" novalidate=\"novalidate\" data-status=\"init\">\n<div style=\"display: none;\">\n<input type=\"hidden\" name=\"_wpcf7\" value=\"100\" \/>\n<input type=\"hidden\" name=\"_wpcf7_version\" value=\"6.0.6\" \/>\n<input type=\"hidden\" name=\"_wpcf7_locale\" value=\"en_US\" \/>\n<input type=\"hidden\" name=\"_wpcf7_unit_tag\" value=\"wpcf7-f100-o1\" \/>\n<input type=\"hidden\" name=\"_wpcf7_container_post\" value=\"0\" \/>\n<input type=\"hidden\" name=\"_wpcf7_posted_data_hash\" value=\"\" \/>\n<\/div>\n<div class=\"row\">\n\t<div class=\"col-sm-12\">\n\t\t<p><span class=\"wpcf7-form-control-wrap\" data-name=\"your-name\"><input size=\"40\" maxlength=\"400\" class=\"wpcf7-form-control wpcf7-form-control form-control wpcf7-validates-as-required name\" aria-required=\"true\" aria-invalid=\"false\" placeholder=\"Ad\u0131n\u0131z\" value=\"\" type=\"text\" name=\"your-name\" \/><\/span>\n\t\t<\/p>\n\t<\/div>\n\t<div class=\"col-sm-6\">\n\t\t<p><span class=\"wpcf7-form-control-wrap\" data-name=\"birthdate\"><input size=\"40\" maxlength=\"400\" class=\"wpcf7-form-control wpcf7-form-control form-control wpcf7-validates-as-required name\" aria-required=\"true\" aria-invalid=\"false\" placeholder=\"Do\u011fum Tarihi\" value=\"\" type=\"text\" name=\"birthdate\" \/><\/span>\n\t\t<\/p>\n\t<\/div>\n\t<div class=\"col-sm-6\">\n\t\t<p><span class=\"wpcf7-form-control-wrap\" data-name=\"sex\"><select class=\"wpcf7-form-control wpcf7-select wpcf7-validates-as-required sex\" aria-required=\"true\" aria-invalid=\"false\" name=\"sex\"><option value=\"Cinsiyet\">Cinsiyet<\/option><option value=\"Kad\u0131n\">Kad\u0131n<\/option><option value=\"Erkek\">Erkek<\/option><option value=\"\u00c7ocuk\">\u00c7ocuk<\/option><\/select><\/span>\n\t\t<\/p>\n\t<\/div>\n\t<div class=\"col-sm-12\">\n\t\t<p><span class=\"wpcf7-form-control-wrap\" data-name=\"telephone\"><input size=\"40\" maxlength=\"400\" class=\"wpcf7-form-control wpcf7-form-control form-control wpcf7-validates-as-required name\" aria-required=\"true\" aria-invalid=\"false\" placeholder=\"Telefon No\" value=\"\" type=\"text\" name=\"telephone\" \/><\/span>\n\t\t<\/p>\n\t<\/div>\n\t<div class=\"col-sm-12\">\n\t\t<p><span class=\"wpcf7-form-control-wrap\" data-name=\"email\"><input size=\"40\" maxlength=\"400\" class=\"wpcf7-form-control wpcf7-form-control form-control wpcf7-validates-as-required wpcf7-form-control form-control wpcf7-validates-as-email email\" aria-required=\"true\" aria-invalid=\"false\" placeholder=\"E-Posta\" value=\"\" type=\"email\" name=\"email\" \/><\/span>\n\t\t<\/p>\n\t<\/div>\n\t<div class=\"col-sm-12\">\n\t\t<p><span class=\"wpcf7-form-control-wrap\" data-name=\"date\"><input class=\"wpcf7-form-control wpcf7-date wpcf7-validates-as-required wpcf7-validates-as-date name\" aria-required=\"true\" aria-invalid=\"false\" placeholder=\"M\u00fcsaitlik Tarihi\" value=\"\" type=\"date\" name=\"date\" \/><\/span>\n\t\t<\/p>\n\t<\/div>\n\t<div class=\"col-sm-12\">\n\t\t<p><span class=\"wpcf7-form-control-wrap\" data-name=\"message\"><textarea cols=\"40\" rows=\"4\" maxlength=\"2000\" class=\"wpcf7-form-control wpcf7-form-control wpcf7-form-control form-control message\" aria-invalid=\"false\" placeholder=\"Mesaj\u0131n\u0131z\" name=\"message\"><\/textarea><\/span>\n\t\t<\/p>\n\t<\/div>\n\t<div class=\"col-sm-12\">\n\t\t<p><input class=\"wpcf7-form-control wpcf7-submit btn btn-primary has-spinner\" type=\"submit\" value=\"Beni Bilgilendirin!\" \/>\n\t\t<\/p>\n\t<\/div>\n<\/div><div class=\"wpcf7-response-output\" aria-hidden=\"true\"><\/div>\n<\/form>\n<\/div>\n[\/vc_column][\/vc_row][vc_row color_set=&#8221;black_section&#8221; align=&#8221;text-center&#8221; full_width=&#8221;0&#8243; full_height=&#8221;0&#8243; cols_valign=&#8221;vcenter&#8221; transparent_overlay=&#8221;transparent_film&#8221; background=&#8221;bgimage&#8221; bgimage=&#8221;98&#8243; parallax=&#8221;1&#8243;][vc_column align=&#8221;text-center&#8221;]<div class=\"section_header subtitle_bottom   fancy text-center\">\n\n    <h2>\u00d6zel bir Plana m\u0131 ihtiyac\u0131n\u0131z var?<\/h2>\n\n\n        <p >Aramaya \u00c7ekinmeyin...<\/p>\n<\/div><div class=\"plethora_button wpb_content_element   text-center \">\n    <a href=\"https:\/\/api.whatsapp.com\/send\/?phone=905524651712&#038;text=Merhaba+Size+Sitenizden+Ula%C5%9F%C4%B1yorum.+Online+Diyet+Hakk%C4%B1nda+Detayl%C4%B1+bilgi+almak+istiyorum.&#038;type=phone_number&#038;app_absent=0\" debug class=\" btn btn-primary with-icon icon-left\" title=\"\"  target=\"_self\">\n\n         <i class=\"fa fa-phone-flip\"><\/i> \n        Ara\n        \n\n    <\/a>\n<\/div>[\/vc_column][\/vc_row]<\/p>\n<\/div>","protected":false},"excerpt":{"rendered":"<p>[vc_row full_width=&#8221;0&#8243; full_height=&#8221;0&#8243; row_padding=&#8221;no_padding&#8221; cols_padding=&#8221;no_cols_padding&#8221; elevate=&#8221;elevate&#8221; background=&#8221;transparent&#8221; el_class=&#8221;folded_section&#8221;][vc_column width=&#8221;1\/4&#8243; color_set=&#8221;dark_section&#8221; background=&#8221;transparent&#8221; offset=&#8221;vc_col-xs-6&#8243;][\/vc_column][vc_column width=&#8221;1\/4&#8243; color_set=&#8221;skincolored_section&#8221; background=&#8221;transparent&#8221; offset=&#8221;vc_col-xs-6&#8243;][\/vc_column][vc_column width=&#8221;1\/4&#8243; color_set=&#8221;dark_section&#8221; offset=&#8221;vc_col-xs-6&#8243;][\/vc_column][vc_column width=&#8221;1\/4&#8243; color_set=&#8221;skincolored_section&#8221; background=&#8221;transparent&#8221; offset=&#8221;vc_col-xs-6&#8243;][\/vc_column][\/vc_row][vc_row full_width=&#8221;0&#8243; full_height=&#8221;0&#8243; row_padding=&#8221;no_top_padding&#8221; sep_bottom=&#8221;separator_bottom sep_angled_positive_bottom&#8221; particles=&#8221;0&#8243;][vc_column][\/vc_column][vc_column heading_align=&#8221;text-center&#8221; [&hellip;]<\/p>\n","protected":false},"author":1,"featured_media":0,"parent":0,"menu_order":0,"comment_status":"closed","ping_status":"closed","template":"","meta":{"_monsterinsights_skip_tracking":false,"_monsterinsights_sitenote_active":false,"_monsterinsights_sitenote_note":"","_monsterinsights_sitenote_category":0,"_uf_show_specific_survey":0,"_uf_disable_surveys":false,"footnotes":""},"class_list":["post-107","page","type-page","status-publish","hentry"],"aioseo_notices":[],"_links":{"self":[{"href":"https:\/\/diyetisyenmeriem.com\/index.php\/wp-json\/wp\/v2\/pages\/107","targetHints":{"allow":["GET"]}}],"collection":[{"href":"https:\/\/diyetisyenmeriem.com\/index.php\/wp-json\/wp\/v2\/pages"}],"about":[{"href":"https:\/\/diyetisyenmeriem.com\/index.php\/wp-json\/wp\/v2\/types\/page"}],"author":[{"embeddable":true,"href":"https:\/\/diyetisyenmeriem.com\/index.php\/wp-json\/wp\/v2\/users\/1"}],"replies":[{"embeddable":true,"href":"https:\/\/diyetisyenmeriem.com\/index.php\/wp-json\/wp\/v2\/comments?post=107"}],"version-history":[{"count":43,"href":"https:\/\/diyetisyenmeriem.com\/index.php\/wp-json\/wp\/v2\/pages\/107\/revisions"}],"predecessor-version":[{"id":7027,"href":"https:\/\/diyetisyenmeriem.com\/index.php\/wp-json\/wp\/v2\/pages\/107\/revisions\/7027"}],"wp:attachment":[{"href":"https:\/\/diyetisyenmeriem.com\/index.php\/wp-json\/wp\/v2\/media?parent=107"}],"curies":[{"name":"wp","href":"https:\/\/api.w.org\/{rel}","templated":true}]}}