{"id":109,"date":"2016-02-19T09:25:21","date_gmt":"2016-02-19T09:25:21","guid":{"rendered":"http:\/\/plethorathemes.com\/healthflex\/health-coach\/?page_id=109"},"modified":"2023-09-22T15:56:14","modified_gmt":"2023-09-22T15:56:14","slug":"about","status":"publish","type":"page","link":"https:\/\/diyetisyenmeriem.com\/index.php\/about\/","title":{"rendered":"Hakk\u0131mda"},"content":{"rendered":"<div class=\"wpb-content-wrapper\"><p>[vc_row full_width=&#8221;0&#8243; full_height=&#8221;0&#8243; particles=&#8221;0&#8243; css=&#8221;.vc_custom_1457518050592{padding-top: 96px !important;}&#8221;][vc_column width=&#8221;2\/3&#8243;][vc_column_text]<\/p>\n<h3>Ben Diyetisyen Meriem YILMAZ, Besleme ve Diyetetik b\u00f6l\u00fcm\u00fcnde ba\u015far\u0131yla lisans e\u011fitimimi tamamlayarak 2023 y\u0131l\u0131nda Biruni \u00dcniversitesi Sa\u011fl\u0131k Bilimleri Fak\u00fcltesi&#8217;nden mezun oldum. E\u011fitim s\u00fcrem boyunca Biruni \u00dcniversite Hastanesi&#8217;nde \u00e7ocuk hastal\u0131klar\u0131 klinik staj\u0131m\u0131, Surp P\u0131rgi\u00e7 Hastanesi&#8217;nde yeti\u015fkin hastal\u0131klar\u0131 klinik staj\u0131m\u0131 ve Biruni \u00dcniversite Yemekhanesi&#8217;nde toplu beslenme sistemleri staj\u0131m\u0131 ve Biruni \u00dcniversitesi b\u00fcnyesinde halk sa\u011fl\u0131\u011f\u0131nda beslenme staj\u0131m\u0131 ba\u015far\u0131yla tamamlad\u0131m.<\/h3>\n<p>&nbsp;<\/p>\n<h3>\u015eu anda, diyet ve beslenme dan\u0131\u015fmanl\u0131\u011f\u0131 alan\u0131nda \u00e7evrim i\u00e7i hizmetler sunuyorum. Amac\u0131m, sa\u011fl\u0131kl\u0131 beslenmeyi bilimin rehberli\u011finde siz de\u011ferli dan\u0131\u015fanlar\u0131ma ula\u015ft\u0131rarak ya\u015fam kalitenizi artt\u0131rmak ve bir\u00e7ok hastal\u0131\u011fa yakalanmadan \u00f6nce koruyucu tedbirlerle \u00f6nlem alarak fiziksel ve ruhsal sa\u011fl\u0131\u011f\u0131n\u0131z\u0131 bir b\u00fct\u00fcn olarak de\u011ferlendirmektir. Sizleri topluma kazand\u0131rmak i\u00e7in sa\u011fl\u0131k ve beslenme konusundaki bilgi ve deneyimimi sizlerle payla\u015fmay\u0131\u00a0hedefliyorum.<\/h3>\n<p>[\/vc_column_text][\/vc_column][vc_column width=&#8221;1\/3&#8243;]<div class=\"team_members_grid row\">\n\n\n    <div class=\"col-sm-12 col-md-12\">\n      <div class=\"team_member teaser_box centered same_height_col secondary_section\">\n\n        <a href=\"https:\/\/diyetisyenmeriem.com\/index.php\/profile\/meriem\/\" style=\"background-image: url('https:\/\/diyetisyenmeriem.com\/wp-content\/uploads\/2016\/02\/photo.png')\" data-colorset=\"secondary_section\" class=\"linkify figure stretchy_wrapper ratio_1-1\">\n          <img decoding=\"async\" src=\"https:\/\/diyetisyenmeriem.com\/wp-content\/uploads\/2016\/02\/photo.png\" title=\"Meriem Nur YILMAZ\" class=\"hide\" \/>\n        <\/a>\n\n\n        <div class=\"content boxed  with_button \">\n\n          <div class=\"hgroup\">\n            <h4>Meriem Nur YILMAZ<\/h4>\n             <p>Diyetisyen<\/p> \n          <\/div>\n\n          <div class=\"team_social\">\n            <a href=\"https:\/\/www.instagram.com\/dyt.meriemyilmaz\/\"><i class=\"fa fa fa-camera-retro\"><\/i><\/a>\n          <\/div>\n\n          <div class=\"desc\">\n            <p><\/p>\n          <\/div>\n\n          <div class=\"link\">\n            <a href=\"https:\/\/diyetisyenmeriem.com\/index.php\/profile\/meriem\/\" data-colorset=\"secondary_section\" class=\"linkify btn btn-xs btn-default\">More<\/a>\n          <\/div>\n\n        <\/div>\n\n      <\/div>\n    <\/div>\n\n\n<\/div>[\/vc_column][\/vc_row][vc_row color_set=&#8221;light_section&#8221; full_width=&#8221;0&#8243; full_height=&#8221;0&#8243; sep_top=&#8221;separator_top sep_angled_negative_top&#8221; sep_bottom=&#8221;separator_bottom sep_angled_positive_bottom&#8221; particles=&#8221;0&#8243;][vc_column][\/vc_column][\/vc_row][vc_row color_set=&#8221;secondary_section&#8221; full_width=&#8221;0&#8243; full_height=&#8221;0&#8243; particles=&#8221;0&#8243;][vc_column]<div class=\"section_header subtitle_bottom   fancy text-center\">\n\n    <h2 style=\"text-align: center;\">ONL\u0130NE D\u0130YET<\/h2>\n\n\n        <p >\u0130deal kilonuzu en sa\u011fl\u0131kl\u0131 yollardan ula\u015fmak i\u00e7in ilk ad\u0131m\u0131n\u0131z\u0131 \u015fimdi at\u0131n !<\/p>\n<\/div><div class=\"plethora_button wpb_content_element   text-center \">\n    <a href=\"https:\/\/diyetisyenmeriem.com\/index.php\/online-diyet\/\" debug class=\" btn btn-primary with-icon icon-left\" title=\"\"  target=\"_self\">\n\n         <i class=\"fa fa-check\"><\/i> \n        \u0130NCELE\n        \n\n    <\/a>\n<\/div>[\/vc_column][\/vc_row]<\/p>\n<\/div>","protected":false},"excerpt":{"rendered":"<p>[vc_row full_width=&#8221;0&#8243; full_height=&#8221;0&#8243; particles=&#8221;0&#8243; css=&#8221;.vc_custom_1457518050592{padding-top: 96px !important;}&#8221;][vc_column width=&#8221;2\/3&#8243;][vc_column_text] Ben Diyetisyen Meriem YILMAZ, Besleme ve Diyetetik b\u00f6l\u00fcm\u00fcnde ba\u015far\u0131yla lisans e\u011fitimimi tamamlayarak 2023 y\u0131l\u0131nda Biruni \u00dcniversitesi Sa\u011fl\u0131k Bilimleri Fak\u00fcltesi&#8217;nden mezun oldum. E\u011fitim [&hellip;]<\/p>\n","protected":false},"author":1,"featured_media":30,"parent":0,"menu_order":0,"comment_status":"closed","ping_status":"closed","template":"","meta":{"_monsterinsights_skip_tracking":false,"_monsterinsights_sitenote_active":false,"_monsterinsights_sitenote_note":"","_monsterinsights_sitenote_category":0,"_uf_show_specific_survey":0,"_uf_disable_surveys":false,"footnotes":""},"class_list":["post-109","page","type-page","status-publish","has-post-thumbnail","hentry"],"aioseo_notices":[],"_links":{"self":[{"href":"https:\/\/diyetisyenmeriem.com\/index.php\/wp-json\/wp\/v2\/pages\/109","targetHints":{"allow":["GET"]}}],"collection":[{"href":"https:\/\/diyetisyenmeriem.com\/index.php\/wp-json\/wp\/v2\/pages"}],"about":[{"href":"https:\/\/diyetisyenmeriem.com\/index.php\/wp-json\/wp\/v2\/types\/page"}],"author":[{"embeddable":true,"href":"https:\/\/diyetisyenmeriem.com\/index.php\/wp-json\/wp\/v2\/users\/1"}],"replies":[{"embeddable":true,"href":"https:\/\/diyetisyenmeriem.com\/index.php\/wp-json\/wp\/v2\/comments?post=109"}],"version-history":[{"count":10,"href":"https:\/\/diyetisyenmeriem.com\/index.php\/wp-json\/wp\/v2\/pages\/109\/revisions"}],"predecessor-version":[{"id":6917,"href":"https:\/\/diyetisyenmeriem.com\/index.php\/wp-json\/wp\/v2\/pages\/109\/revisions\/6917"}],"wp:featuredmedia":[{"embeddable":true,"href":"https:\/\/diyetisyenmeriem.com\/index.php\/wp-json\/wp\/v2\/media\/30"}],"wp:attachment":[{"href":"https:\/\/diyetisyenmeriem.com\/index.php\/wp-json\/wp\/v2\/media?parent=109"}],"curies":[{"name":"wp","href":"https:\/\/api.w.org\/{rel}","templated":true}]}}