{"id":118,"date":"2016-02-19T09:26:42","date_gmt":"2016-02-19T09:26:42","guid":{"rendered":"http:\/\/plethorathemes.com\/healthflex\/health-coach\/?page_id=118"},"modified":"2023-10-07T17:55:37","modified_gmt":"2023-10-07T17:55:37","slug":"connect","status":"publish","type":"page","link":"https:\/\/diyetisyenmeriem.com\/index.php\/connect\/","title":{"rendered":"\u0130leti\u015fim"},"content":{"rendered":"<div class=\"wpb-content-wrapper\"><p>[vc_row color_set=&#8221;secondary_section&#8221; full_width=&#8221;0&#8243; full_height=&#8221;0&#8243; row_padding=&#8221;no_padding&#8221; particles=&#8221;0&#8243; css=&#8221;.vc_custom_1457637057408{padding-top: 64px !important;}&#8221;][vc_column width=&#8221;1\/2&#8243; heading_align=&#8221;text-center&#8221; color_set=&#8221;secondary_section&#8221; background=&#8221;transparent&#8221; transparent_overlay=&#8221;transparent_film&#8221; boxed=&#8221;boxed_plus&#8221; margin=&#8221;margin_bottom_grid&#8221;][vc_empty_space][vc_column_text]<\/p>\n<h3>\u0130leti\u015fim Formu<\/h3>\n<p>[\/vc_column_text]\n<div class=\"wpcf7 no-js\" id=\"wpcf7-f100-o1\" lang=\"en-US\" dir=\"ltr\" data-wpcf7-id=\"100\">\n<div class=\"screen-reader-response\"><p role=\"status\" aria-live=\"polite\" aria-atomic=\"true\"><\/p> <ul><\/ul><\/div>\n<form action=\"\/index.php\/wp-json\/wp\/v2\/pages\/118#wpcf7-f100-o1\" method=\"post\" class=\"wpcf7-form init\" aria-label=\"Contact form\" novalidate=\"novalidate\" data-status=\"init\">\n<div style=\"display: none;\">\n<input type=\"hidden\" name=\"_wpcf7\" value=\"100\" \/>\n<input type=\"hidden\" name=\"_wpcf7_version\" value=\"6.0.6\" \/>\n<input type=\"hidden\" name=\"_wpcf7_locale\" value=\"en_US\" \/>\n<input type=\"hidden\" name=\"_wpcf7_unit_tag\" value=\"wpcf7-f100-o1\" \/>\n<input type=\"hidden\" name=\"_wpcf7_container_post\" value=\"0\" \/>\n<input type=\"hidden\" name=\"_wpcf7_posted_data_hash\" value=\"\" \/>\n<\/div>\n<div class=\"row\">\n\t<div class=\"col-sm-12\">\n\t\t<p><span class=\"wpcf7-form-control-wrap\" data-name=\"your-name\"><input size=\"40\" maxlength=\"400\" class=\"wpcf7-form-control wpcf7-form-control form-control wpcf7-validates-as-required name\" aria-required=\"true\" aria-invalid=\"false\" placeholder=\"Ad\u0131n\u0131z\" value=\"\" type=\"text\" name=\"your-name\" \/><\/span>\n\t\t<\/p>\n\t<\/div>\n\t<div class=\"col-sm-6\">\n\t\t<p><span class=\"wpcf7-form-control-wrap\" data-name=\"birthdate\"><input size=\"40\" maxlength=\"400\" class=\"wpcf7-form-control wpcf7-form-control form-control wpcf7-validates-as-required name\" aria-required=\"true\" aria-invalid=\"false\" placeholder=\"Do\u011fum Tarihi\" value=\"\" type=\"text\" name=\"birthdate\" \/><\/span>\n\t\t<\/p>\n\t<\/div>\n\t<div class=\"col-sm-6\">\n\t\t<p><span class=\"wpcf7-form-control-wrap\" data-name=\"sex\"><select class=\"wpcf7-form-control wpcf7-select wpcf7-validates-as-required sex\" aria-required=\"true\" aria-invalid=\"false\" name=\"sex\"><option value=\"Cinsiyet\">Cinsiyet<\/option><option value=\"Kad\u0131n\">Kad\u0131n<\/option><option value=\"Erkek\">Erkek<\/option><option value=\"\u00c7ocuk\">\u00c7ocuk<\/option><\/select><\/span>\n\t\t<\/p>\n\t<\/div>\n\t<div class=\"col-sm-12\">\n\t\t<p><span class=\"wpcf7-form-control-wrap\" data-name=\"telephone\"><input size=\"40\" maxlength=\"400\" class=\"wpcf7-form-control wpcf7-form-control form-control wpcf7-validates-as-required name\" aria-required=\"true\" aria-invalid=\"false\" placeholder=\"Telefon No\" value=\"\" type=\"text\" name=\"telephone\" \/><\/span>\n\t\t<\/p>\n\t<\/div>\n\t<div class=\"col-sm-12\">\n\t\t<p><span class=\"wpcf7-form-control-wrap\" data-name=\"email\"><input size=\"40\" maxlength=\"400\" class=\"wpcf7-form-control wpcf7-form-control form-control wpcf7-validates-as-required wpcf7-form-control form-control wpcf7-validates-as-email email\" aria-required=\"true\" aria-invalid=\"false\" placeholder=\"E-Posta\" value=\"\" type=\"email\" name=\"email\" \/><\/span>\n\t\t<\/p>\n\t<\/div>\n\t<div class=\"col-sm-12\">\n\t\t<p><span class=\"wpcf7-form-control-wrap\" data-name=\"date\"><input class=\"wpcf7-form-control wpcf7-date wpcf7-validates-as-required wpcf7-validates-as-date name\" aria-required=\"true\" aria-invalid=\"false\" placeholder=\"M\u00fcsaitlik Tarihi\" value=\"\" type=\"date\" name=\"date\" \/><\/span>\n\t\t<\/p>\n\t<\/div>\n\t<div class=\"col-sm-12\">\n\t\t<p><span class=\"wpcf7-form-control-wrap\" data-name=\"message\"><textarea cols=\"40\" rows=\"4\" maxlength=\"2000\" class=\"wpcf7-form-control wpcf7-form-control wpcf7-form-control form-control message\" aria-invalid=\"false\" placeholder=\"Mesaj\u0131n\u0131z\" name=\"message\"><\/textarea><\/span>\n\t\t<\/p>\n\t<\/div>\n\t<div class=\"col-sm-12\">\n\t\t<p><input class=\"wpcf7-form-control wpcf7-submit btn btn-primary has-spinner\" type=\"submit\" value=\"Beni Bilgilendirin!\" \/>\n\t\t<\/p>\n\t<\/div>\n<\/div><div class=\"wpcf7-response-output\" aria-hidden=\"true\"><\/div>\n<\/form>\n<\/div>\n[vc_empty_space][\/vc_column][vc_column width=&#8221;1\/2&#8243; heading_align=&#8221;text-center&#8221; boxed=&#8221;boxed_plus&#8221;][vc_empty_space][vc_single_image image=&#8221;169&#8243; img_size=&#8221;&#8221;][vc_column_text]<\/p>\n<div class=\"wpb_text_column wpb_content_element \">\n<div class=\"wpb_wrapper\">\n<p>Size ula\u015fmak benim i\u00e7in \u00f6nemli. \u0130\u015fbirli\u011fi, sorular veya geri bildirimler hakk\u0131nda ileti\u015fime ge\u00e7mek isterseniz l\u00fctfen a\u015fa\u011f\u0131daki ileti\u015fim formunu kullan\u0131n. En k\u0131sa s\u00fcrede yan\u0131t vermeye \u00e7al\u0131\u015faca\u011f\u0131m.<\/p>\n<\/div>\n<\/div>\n<p>[\/vc_column_text][vc_column_text]<\/p>\n<div class=\"wpb_text_column wpb_content_element \">\n<div class=\"wpb_wrapper\">\n<p><b>WhatsApp \u0130leti\u015fim<\/b><\/p>\n<h2><a href=\"https:\/\/api.whatsapp.com\/send\/?phone=905524651712&amp;text=Merhaba+Size+Sitenizden+Ula%C5%9F%C4%B1yorum.+Online+Diyet+Hakk%C4%B1nda+Detayl%C4%B1+bilgi+almak+istiyorum.&amp;type=phone_number&amp;app_absent=0\"><strong>Mesaj Yazmak i\u00e7in TIKLAYINIZ<\/strong><\/a><\/h2>\n<p>&nbsp;<\/p>\n<p>Gizlili\u011finiz bizim i\u00e7in \u00f6nemlidir ve sa\u011flad\u0131\u011f\u0131n\u0131z bilgiler yaln\u0131zca ileti\u015fim amac\u0131yla kullan\u0131lacakt\u0131r.<\/p>\n<\/div>\n<\/div>\n<p>[\/vc_column_text][\/vc_column][\/vc_row][vc_row color_set=&#8221;dark_section&#8221; full_width=&#8221;0&#8243; full_height=&#8221;0&#8243; row_padding=&#8221;no_padding&#8221; sep_top=&#8221;separator_top sep_angled_positive_top&#8221; sep_bottom=&#8221;separator_bottom sep_angled_positive_bottom&#8221; particles=&#8221;0&#8243;][vc_column width=&#8221;1\/3&#8243;][\/vc_column][vc_column width=&#8221;1\/3&#8243;][\/vc_column][vc_column width=&#8221;1\/3&#8243;][\/vc_column][\/vc_row][vc_row color_set=&#8221;black_section&#8221; align=&#8221;text-center&#8221; full_width=&#8221;0&#8243; full_height=&#8221;0&#8243; transparent_overlay=&#8221;transparent_film&#8221; background=&#8221;bgimage&#8221; bgimage=&#8221;6&#8243; parallax=&#8221;0&#8243;][vc_column][\/vc_column][\/vc_row]<\/p>\n<\/div>","protected":false},"excerpt":{"rendered":"<p>[vc_row color_set=&#8221;secondary_section&#8221; full_width=&#8221;0&#8243; full_height=&#8221;0&#8243; row_padding=&#8221;no_padding&#8221; particles=&#8221;0&#8243; css=&#8221;.vc_custom_1457637057408{padding-top: 64px !important;}&#8221;][vc_column width=&#8221;1\/2&#8243; heading_align=&#8221;text-center&#8221; color_set=&#8221;secondary_section&#8221; background=&#8221;transparent&#8221; transparent_overlay=&#8221;transparent_film&#8221; boxed=&#8221;boxed_plus&#8221; margin=&#8221;margin_bottom_grid&#8221;][vc_empty_space][vc_column_text] \u0130leti\u015fim Formu [\/vc_column_text][vc_empty_space][\/vc_column][vc_column width=&#8221;1\/2&#8243; heading_align=&#8221;text-center&#8221; boxed=&#8221;boxed_plus&#8221;][vc_empty_space][vc_single_image image=&#8221;169&#8243; img_size=&#8221;&#8221;][vc_column_text] Size ula\u015fmak benim i\u00e7in \u00f6nemli. \u0130\u015fbirli\u011fi, [&hellip;]<\/p>\n","protected":false},"author":1,"featured_media":0,"parent":0,"menu_order":0,"comment_status":"closed","ping_status":"closed","template":"","meta":{"_monsterinsights_skip_tracking":false,"_monsterinsights_sitenote_active":false,"_monsterinsights_sitenote_note":"","_monsterinsights_sitenote_category":0,"_uf_show_specific_survey":0,"_uf_disable_surveys":false,"footnotes":""},"class_list":["post-118","page","type-page","status-publish","hentry"],"aioseo_notices":[],"_links":{"self":[{"href":"https:\/\/diyetisyenmeriem.com\/index.php\/wp-json\/wp\/v2\/pages\/118","targetHints":{"allow":["GET"]}}],"collection":[{"href":"https:\/\/diyetisyenmeriem.com\/index.php\/wp-json\/wp\/v2\/pages"}],"about":[{"href":"https:\/\/diyetisyenmeriem.com\/index.php\/wp-json\/wp\/v2\/types\/page"}],"author":[{"embeddable":true,"href":"https:\/\/diyetisyenmeriem.com\/index.php\/wp-json\/wp\/v2\/users\/1"}],"replies":[{"embeddable":true,"href":"https:\/\/diyetisyenmeriem.com\/index.php\/wp-json\/wp\/v2\/comments?post=118"}],"version-history":[{"count":5,"href":"https:\/\/diyetisyenmeriem.com\/index.php\/wp-json\/wp\/v2\/pages\/118\/revisions"}],"predecessor-version":[{"id":7020,"href":"https:\/\/diyetisyenmeriem.com\/index.php\/wp-json\/wp\/v2\/pages\/118\/revisions\/7020"}],"wp:attachment":[{"href":"https:\/\/diyetisyenmeriem.com\/index.php\/wp-json\/wp\/v2\/media?parent=118"}],"curies":[{"name":"wp","href":"https:\/\/api.w.org\/{rel}","templated":true}]}}