{"id":6888,"date":"2023-09-22T13:26:51","date_gmt":"2023-09-22T13:26:51","guid":{"rendered":"https:\/\/diyetisyenmeriem.com\/?page_id=6888"},"modified":"2023-10-06T10:40:40","modified_gmt":"2023-10-06T10:40:40","slug":"online-diyet","status":"publish","type":"page","link":"https:\/\/diyetisyenmeriem.com\/index.php\/online-diyet\/","title":{"rendered":"Online Diyet ve Paketler"},"content":{"rendered":"<div class=\"wpb-content-wrapper\"><p>[vc_row full_width=&#8221;0&#8243; full_height=&#8221;0&#8243; particles=&#8221;0&#8243; css=&#8221;.vc_custom_1457512674147{padding-bottom: 96px !important;}&#8221;][vc_column][vc_empty_space height=&#8221;64px&#8221;][\/vc_column][vc_column width=&#8221;1\/2&#8243;][vc_text_separator title=&#8221;2 Haftal\u0131k Tan\u0131\u015fma Paketi&#8221; css=&#8221;.vc_custom_1696174489343{padding-top: 25px !important;}&#8221;][vc_column_text]<\/p>\r\n<p class=\"has-medium-font-size\">Size \u00f6zel haz\u0131rlad\u0131\u011f\u0131m &#8220;<strong>2 Haftal\u0131k Tan\u0131\u015fma Paketi<\/strong>&#8221; ile sizin i\u00e7in en uygun beslenme program\u0131n\u0131 belirleyip sa\u011fl\u0131kl\u0131 bir ba\u015flang\u0131\u00e7 yapman\u0131za yard\u0131mc\u0131 olaca\u011f\u0131m.<\/p>\r\n<p class=\"has-medium-font-size\"><!-- \/wp:post-content --><\/p>\r\n<p><!-- wp:paragraph {\"fontSize\":\"medium\"} -->Paketimiz i\u00e7erisinde sizin ihtiya\u00e7lar\u0131n\u0131za \u00f6zel olarak haz\u0131rlanan 2 farkl\u0131 beslenme program\u0131 yer alacak. Bu programlar, sa\u011fl\u0131kl\u0131 beslenmeyi bilimin \u0131\u015f\u0131\u011f\u0131nda size sunarak ya\u015fam kalitenizi art\u0131rmay\u0131 ve hedeflerinize ula\u015fman\u0131z\u0131 destekleyecektir.<\/p>\r\n<p class=\"has-medium-font-size\"><!-- \/wp:paragraph --><\/p>\r\n<p><!-- wp:paragraph {\"fontSize\":\"medium\"} -->Haydi, sa\u011fl\u0131kl\u0131 bir ba\u015flang\u0131\u00e7 i\u00e7in &#8220;2 Haftal\u0131k Tan\u0131\u015fma Paketi&#8221; ile birlikte ad\u0131m atal\u0131m! Sizi daha sa\u011fl\u0131kl\u0131 bir gelece\u011fe ta\u015f\u0131mak i\u00e7in sab\u0131rs\u0131zl\u0131kla bekliyorum!<\/p>\r\n<p><!-- \/wp:paragraph --><!-- wp:paragraph -->[\/vc_column_text][vc_text_separator title=&#8221;\u2018\u2019 \u00d6n g\u00f6r\u00fc\u015fme \u00fccretsizdir \u2019\u2019&#8221; color=&#8221;black&#8221;][\/vc_column][vc_column width=&#8221;1\/2&#8243;]<div class=\"pl_fixed_ratio_media  \">\n    <div class=\"stretchy_wrapper ratio_16-9   bg_vcenter\" style=\"background-image: url('https:\/\/diyetisyenmeriem.com\/wp-content\/uploads\/2023\/10\/pexels-polina-zimmerman-3747155-scaled.jpg');\">\n      <img decoding=\"async\" alt=\"\" src=\"https:\/\/diyetisyenmeriem.com\/wp-content\/uploads\/2023\/10\/pexels-polina-zimmerman-3747155-scaled.jpg\">\n    <\/div>\n\n<\/div>[\/vc_column][\/vc_row][vc_row full_width=&#8221;0&#8243; full_height=&#8221;0&#8243; particles=&#8221;0&#8243; css=&#8221;.vc_custom_1696587843153{padding-top: 1px !important;padding-bottom: 10px !important;}&#8221;][vc_column width=&#8221;1\/3&#8243; align=&#8221;text-center&#8221;]<div class=\"pricing_plan white_section  \">  \n\n\n    <div class=\"stretchy_wrapper ratio_2-1\">\n      <div style=\"background-image:url('https:\/\/diyetisyenmeriem.com\/wp-content\/uploads\/2023\/10\/1aylik.png');\" class=\"pricing_plan_photo\"><\/div>\n      \n    <\/div>\n\n\n  <div  class=\"plan_title secondary_section\">\n    <h3>ONL\u0130NE D\u0130YET<\/h3>\n    <p><\/p>\n  <\/div>\n  <div class=\"the_price skincolored_section\"><small>1 AYLIK PAKET<\/small><\/div>\n  <div class=\"the_offerings \">\n   Beslenme al\u0131\u015fkanl\u0131klar\u0131n\u0131n de\u011ferlendirilmesi<br \/>\r\nDiyetisyen Meriem YILMAZ ile online 4 g\u00f6r\u00fc\u015fme<br \/>\r\nKi\u015fiye \u00f6zel 4 adet diyet program\u0131<br \/>\r\n7 g\u00fcnde bir online kontrol ve diyet de\u011fi\u015fikli\u011fi<br \/>\r\nS\u00fcrekli Destek & Motivasyon<br \/>\r\nHer Yerden Eri\u015fim   <br \/> \n\n\n  <a href=\"https:\/\/wa.me\/905524651712?text=Merhaba%20Size%20Sitenizden%20Ula%C5%9F%C4%B1yorum.%20Online%20Diyet%20Hakk%C4%B1nda%20Detayl%C4%B1%20bilgi%20almak%20istiyorum.\" class=\"btn btn-primary with-icon icon-left\" title=\"Detayl\u0131 Bilgi Al\"  target=\"_blank\">\n\n    B\u0130LG\u0130 AL\n\n     <i class=\"fa fa-comment-alt\"><\/i>  \n\n  <\/a>\n\n\n  <\/div>\n\n<\/div>[\/vc_column][vc_column width=&#8221;1\/3&#8243; align=&#8221;text-center&#8221;]<div class=\"pricing_plan white_section  \">  \n\n\n    <div class=\"stretchy_wrapper ratio_2-1\">\n      <div style=\"background-image:url('https:\/\/diyetisyenmeriem.com\/wp-content\/uploads\/2023\/10\/2aylik.png');\" class=\"pricing_plan_photo\"><\/div>\n      \n    <\/div>\n\n\n  <div  class=\"plan_title secondary_section\">\n    <h3>ONL\u0130NE D\u0130YET<\/h3>\n    <p><\/p>\n  <\/div>\n  <div class=\"the_price skincolored_section\"><small>2 AYLIK PAKET<\/small><\/div>\n  <div class=\"the_offerings \">\n   Beslenme al\u0131\u015fkanl\u0131klar\u0131n\u0131n de\u011ferlendirilmesi<br \/>\r\nDiyetisyen Meriem YILMAZ ile online 8 g\u00f6r\u00fc\u015fme<br \/>\r\nKi\u015fiye \u00f6zel 8 adet diyet program\u0131<br \/>\r\n7 g\u00fcnde bir online kontrol ve diyet de\u011fi\u015fikli\u011fi<br \/>\r\nS\u00fcrekli Destek & Motivasyon<br \/>\r\nHer Yerden Eri\u015fim   <br \/> \n\n\n  <a href=\"https:\/\/wa.me\/905524651712?text=Merhaba%20Size%20Sitenizden%20Ula%C5%9F%C4%B1yorum.%20Online%20Diyet%20Hakk%C4%B1nda%20Detayl%C4%B1%20bilgi%20almak%20istiyorum.\" class=\"btn btn-primary with-icon icon-left\" title=\"Detayl\u0131 Bilgi Al\"  target=\"_blank\">\n\n    B\u0130LG\u0130 AL\n\n     <i class=\"fa fa-message\"><\/i>  \n\n  <\/a>\n\n\n  <\/div>\n\n<\/div>[\/vc_column][vc_column width=&#8221;1\/3&#8243; align=&#8221;text-center&#8221;]<div class=\"pricing_plan white_section  \">  \n\n\n    <div class=\"stretchy_wrapper ratio_2-1\">\n      <div style=\"background-image:url('https:\/\/diyetisyenmeriem.com\/wp-content\/uploads\/2023\/10\/3aylik.png');\" class=\"pricing_plan_photo\"><\/div>\n      \n    <\/div>\n\n\n  <div  class=\"plan_title secondary_section\">\n    <h3>ONL\u0130NE D\u0130YET<\/h3>\n    <p><\/p>\n  <\/div>\n  <div class=\"the_price skincolored_section\"><small>3 AYLIK PAKET<\/small><\/div>\n  <div class=\"the_offerings \">\n   Beslenme al\u0131\u015fkanl\u0131klar\u0131n\u0131n de\u011ferlendirilmesi<br \/>\r\nDiyetisyen Meriem YILMAZ ile online 12 g\u00f6r\u00fc\u015fme<br \/>\r\nKi\u015fiye \u00f6zel 12 adet diyet program\u0131<br \/>\r\n7 g\u00fcnde bir online kontrol ve diyet de\u011fi\u015fikli\u011fi<br \/>\r\nS\u00fcrekli Destek & Motivasyon<br \/>\r\nHer Yerden Eri\u015fim   <br \/> \n\n\n  <a href=\"https:\/\/wa.me\/905524651712?text=Merhaba%20Size%20Sitenizden%20Ula%C5%9F%C4%B1yorum.%20Online%20Diyet%20Hakk%C4%B1nda%20Detayl%C4%B1%20bilgi%20almak%20istiyorum.\" class=\"btn btn-primary with-icon icon-left\" title=\"Detayl\u0131 Bilgi Al\"  target=\"_blank\">\n\n    B\u0130LG\u0130 AL\n\n     <i class=\"fa fa-comment-alt\"><\/i>  \n\n  <\/a>\n\n\n  <\/div>\n\n<\/div>[\/vc_column][\/vc_row][vc_row color_set=&#8221;secondary_section&#8221; full_width=&#8221;0&#8243; full_height=&#8221;0&#8243; sep_bottom=&#8221;separator_bottom sep_angled_positive_bottom&#8221; particles=&#8221;0&#8243; css=&#8221;.vc_custom_1457511086992{padding-top: 96px !important;padding-bottom: 64px !important;}&#8221;][vc_column width=&#8221;2\/3&#8243; offset=&#8221;vc_col-sm-offset-2&#8243;][vc_column_text]<\/p>\r\n<h3 style=\"text-align: center;\">Online diyet, esneklik ve uzaktan destekle sa\u011fl\u0131kl\u0131 ya\u015fam hedeflerine ula\u015fmay\u0131 kolayla\u015ft\u0131r\u0131r, ki\u015fiselle\u015ftirilmi\u015f rehberlik sunar.<\/h3>\r\n<p>[\/vc_column_text][\/vc_column][\/vc_row][vc_row color_set=&#8221;black_section&#8221; full_width=&#8221;0&#8243; full_height=&#8221;0&#8243; transparent_overlay=&#8221;transparent_film&#8221; background=&#8221;bgimage&#8221; bgimage=&#8221;98&#8243; parallax=&#8221;1&#8243;][vc_column]<div class=\"section_header subtitle_bottom   fancy text-center\">\n\n    <h2>Sa\u011fl\u0131\u011f\u0131n\u0131za y\u00f6nlendirilen ilk ad\u0131m\u0131 at\u0131n.<\/h2>\n\n\n        <p >Diyetisyeniniz sizi en iyi versiyonunuza ula\u015ft\u0131rmak i\u00e7in burada.<\/p>\n<\/div><div class=\"plethora_button wpb_content_element   text-center \">\n    <a href=\"https:\/\/wa.me\/905524651712?text=Merhaba%20Size%20Sitenizden%20Ula%C5%9F%C4%B1yorum.%20Online%20Diyet%20Hakk%C4%B1nda%20Detayl%C4%B1%20bilgi%20almak%20istiyorum.\" debug class=\" btn btn-secondary with-icon icon-left\" title=\"\"  target=\"_self\">\n\n         <i class=\"fa fa-check\"><\/i> \n        HAD\u0130 BA\u015eLAYALIM !\n        \n\n    <\/a>\n<\/div>[\/vc_column][\/vc_row]<\/p>\r\n<\/div>","protected":false},"excerpt":{"rendered":"<p>[vc_row full_width=&#8221;0&#8243; full_height=&#8221;0&#8243; particles=&#8221;0&#8243; css=&#8221;.vc_custom_1457512674147{padding-bottom: 96px !important;}&#8221;][vc_column][vc_empty_space height=&#8221;64px&#8221;][\/vc_column][vc_column width=&#8221;1\/2&#8243;][vc_text_separator title=&#8221;2 Haftal\u0131k Tan\u0131\u015fma Paketi&#8221; css=&#8221;.vc_custom_1696174489343{padding-top: 25px !important;}&#8221;][vc_column_text] Size \u00f6zel haz\u0131rlad\u0131\u011f\u0131m &#8220;2 Haftal\u0131k Tan\u0131\u015fma Paketi&#8221; ile sizin i\u00e7in en uygun beslenme program\u0131n\u0131 [&hellip;]<\/p>\n","protected":false},"author":3,"featured_media":0,"parent":0,"menu_order":0,"comment_status":"closed","ping_status":"closed","template":"","meta":{"_monsterinsights_skip_tracking":false,"_monsterinsights_sitenote_active":false,"_monsterinsights_sitenote_note":"","_monsterinsights_sitenote_category":0,"_uf_show_specific_survey":0,"_uf_disable_surveys":false,"footnotes":""},"class_list":["post-6888","page","type-page","status-publish","hentry"],"aioseo_notices":[],"_links":{"self":[{"href":"https:\/\/diyetisyenmeriem.com\/index.php\/wp-json\/wp\/v2\/pages\/6888","targetHints":{"allow":["GET"]}}],"collection":[{"href":"https:\/\/diyetisyenmeriem.com\/index.php\/wp-json\/wp\/v2\/pages"}],"about":[{"href":"https:\/\/diyetisyenmeriem.com\/index.php\/wp-json\/wp\/v2\/types\/page"}],"author":[{"embeddable":true,"href":"https:\/\/diyetisyenmeriem.com\/index.php\/wp-json\/wp\/v2\/users\/3"}],"replies":[{"embeddable":true,"href":"https:\/\/diyetisyenmeriem.com\/index.php\/wp-json\/wp\/v2\/comments?post=6888"}],"version-history":[{"count":42,"href":"https:\/\/diyetisyenmeriem.com\/index.php\/wp-json\/wp\/v2\/pages\/6888\/revisions"}],"predecessor-version":[{"id":6966,"href":"https:\/\/diyetisyenmeriem.com\/index.php\/wp-json\/wp\/v2\/pages\/6888\/revisions\/6966"}],"wp:attachment":[{"href":"https:\/\/diyetisyenmeriem.com\/index.php\/wp-json\/wp\/v2\/media?parent=6888"}],"curies":[{"name":"wp","href":"https:\/\/api.w.org\/{rel}","templated":true}]}}