{"id":7007,"date":"2023-10-07T17:07:34","date_gmt":"2023-10-07T17:07:34","guid":{"rendered":"https:\/\/diyetisyenmeriem.com\/?page_id=7007"},"modified":"2023-10-07T18:59:13","modified_gmt":"2023-10-07T18:59:13","slug":"vucut-kitle-endeksi-hesaplama","status":"publish","type":"page","link":"https:\/\/diyetisyenmeriem.com\/index.php\/vucut-kitle-endeksi-hesaplama\/","title":{"rendered":"V\u00fccut K\u00fctle \u0130ndeksi Hesaplama"},"content":{"rendered":"<div class=\"wpb-content-wrapper\"><p>[vc_row full_width=&#8221;0&#8243; full_height=&#8221;0&#8243; particles=&#8221;0&#8243;][vc_column][vc_row_inner][vc_column_inner][vc_empty_space][\/vc_column_inner][vc_column_inner][vc_column_text]<style>\n\t\t\t\t#fcp-bmi-intake-form {\n\t\t\t\t    margin: 0px;\n\t\t\t\t    padding: 0px;\n\t\t\t\t    border: solid 2px #94c100;\n\t\t\t\t    width: 100%;\n\t\t\t\t}#fcp-bmi-intake-form .fcp-radio-btn {\n\t\t\t\t\t\twidth: 100%;\n\t\t\t\t\t}#fcp-bmi-intake-form h3 {\n\t\t\t\t    text-transform: uppercase;\n\t\t\t\t    background-color: #94c100;\n\t\t\t\t    padding: 2%;\n\t\t\t\t    color: #fff;\n\t\t\t\t    font-weight: bolder;\n\t\t\t\t    text-align: center;\n\t\t\t\t    margin: 0px;\n\t\t\t\t}\n\n\t\t\t\t#fcp-bmi-intake-form .fcp-result-string {\n\t\t\t\t    background-color: #94c100;\n\t\t\t\t    padding: 1%;\n\t\t\t\t    color: #fff;\n\t\t\t\t    font-size: 20px;\n\t\t\t\t    text-align: center;\n\t\t\t\t    margin: 0px;\n\t\t\t\t}\n\t\t\t\t#fcp-bmi-intake-form .fcp-btn {\n\t\t\t\t    background-color: #94c100;\n\t\t\t\t    color: #fff;\n\t\t\t\t    text-transform: uppercase;\n\t\t\t\t    border-radius: 4px;\n\t\t\t\t    border: solid 2px #94c100;\n\t\t\t\t}\n\t\t\t\t<\/style><div id=\"fcp-bmi-intake-form\" class=\"container\">\n\t\t\t\t<h3>V\u00fccut K\u00fctle \u0130ndeksi Hesaplama<\/h3>\n\t\t\t<div class=\"fcp-row\"><div class=\"form-container\"><div class=\"row\">\n\t\t\t\t\t\t<div class=\"col\">\n\t\t\t\t\t\t\t<label for=\"fcp-bmi-intake-radio-metric\">Metric\n\t\t\t\t  \t\t\t<input type=\"radio\" id=\"fcp-bmi-intake-radio-metric\"\n\t\t\t\t\t\t\t  class=\"form-control fcp-bmi-radio\" name=\"fcp-bmi-intake-radio\"\n\t\t\t\t\t\t\t  checked\n\t\t\t\t\t\t\t  value=\"metric\">\n\t\t\t\t\t\t\t  <\/label>\n\t\t\t\t  \t\t\t<span class=\"fcp-error\">require<\/span>\n\t\t\t\t\t\t<\/div><div class=\"col\">\n\t\t\t\t\t\t\t\t<label for=\"fcp-bmi-intake-radio-imperial\">Standard\n\t\t\t\t\t  \t\t\t <input type=\"radio\" id=\"fcp-bmi-intake-radio-imperial\"\n\t\t\t\t\t\t\t\t   class=\"form-control fcp-bmi-radio\" name=\"fcp-bmi-intake-radio\"\n\t\t\t\t\t\t\t\t   checked\n\t\t\t\t\t\t\t\t   value=\"imperial\" >\n\t\t\t\t\t\t\t\t<\/label>\n\t\t\t\t\t  \t\t\t<span class=\"fcp-error\">require<\/span>\n\t\t\t\t\t\t<\/div><\/div><div class=\"row\">\n\t\t\t  \t\t\t\t<div class=\"col\">\n\t\t\t  \t\t\t\t\t<label class=\"fcp-bmi-intake-height\" for=\"fcp-bmi-intake-height\">Height<\/label>\n\t\t\t\t\t\t    \t<input  id=\"fcp-bmi-intake-height\" pattern=\"[0-9]\" type=\"text\"  class=\"left  form-control\" id=\"fcp-bmi-intake-height\" name=\"fcp-bmi-intake-height\" \/>\n\t\t\t\t\t\t    \t<span id=\"fcp-bmi-intake-height-error\" class=\"fcp-error\">require<\/span>\n\t\t\t  \t\t\t\t<\/div>\n\t\t\t  \t\t\t\t<div class=\"col\">\n\t\t\t  \t\t\t\t\t<label for=\"fcp-bmi-intake-weight\">Weight<\/label>\n\t\t\t\t\t\t    \t<input id=\"fcp-bmi-intake-weight\"  pattern=\"[0-9]\" type=\"text\" class=\"left form-control\" id=\"fcp-bmi-intake-weight\" name=\"fcp-bmi-intake-weight\" \/>\n\t\t\t\t\t\t    \t<span id=\"fcp-bmi-intake-weight-error\" class=\"fcp-error\">require<\/span>\n\t\t\t  \t\t\t\t<\/div>\n\t\t\t  \t\t\t<\/div>\n\t\t\t  \t\t\t<tr style=\"text-align: center;\"><td colspan=\"2\"><button onclick=\"fcpCalculatebmiIntake()\" class=\"btn btn-default fcp-btn\">Calculate<\/button><\/div><\/div>\n\t\t\t  \t\t<p class=\"fcp-result-string\">  Your BMI is<span class=fcp-bmi-calculated-result>......<\/span><\/p>\n\t\t\t  \t\t<div id=\"bmiClassList\">\n\t\t\t                <table id=\"bmiResultTable\" class=\"hide_result w-100\">\n\t\t\t                 <tbody>\n\t\t\t\t\t\t\t <tr>\n\t\t\t                  <th>BMI<\/th><th>Classification<\/th>\n\t\t\t\t\t\t\t <\/tr> \n\t\t\t                 <tr>\n\t\t\t                  <td>less than 18.5:<\/td>\n\t\t\t\t\t\t\t  <td>Underweight<\/td>\n\t\t\t                 <\/tr>\n\t\t\t\t\t\t\t <tr>\n\t\t\t                 <tr class=\"bmiGreen\">\n\t\t\t                  <td>18.5 - 24.9:<\/td><td>Normal weight<\/td>\n\t\t\t                 <\/tr>\n\t\t\t                 <tr>\n\t\t\t                  <td>25 - 29.9:<\/td><td>Overweight<\/td>\n\t\t\t                 <\/tr>\n\t\t\t\t\t\t\t <tr>\n\t\t\t                  <td>30 - 34.9:<\/td><td>Class I Obese<\/td>\n\t\t\t                 <\/tr>\n\t\t\t                 <tr class=\"\">\n\t\t\t                  <td>35 - 39.9:<\/td><td>Class II Obese<\/td>\n\t\t\t                 <\/tr>\n\t\t\t                 <tr>\n\t\t\t                  <td>40 upwards:<\/td><td>Class III Obese<\/td>\n\t\t\t                 <\/tr>\n\t\t\t                <\/tbody><\/table>\n\t\t\t        <\/div>\n\n\t\t\t  <\/div>\n\t\t<\/div>[\/vc_column_text][vc_empty_space height=&#8221;16px&#8221;][\/vc_column_inner][vc_column_inner][vc_empty_space][\/vc_column_inner][\/vc_row_inner][vc_empty_space][\/vc_column][\/vc_row]<\/p>\n<\/div>","protected":false},"excerpt":{"rendered":"<p>[vc_row full_width=&#8221;0&#8243; full_height=&#8221;0&#8243; particles=&#8221;0&#8243;][vc_column][vc_row_inner][vc_column_inner][vc_empty_space][\/vc_column_inner][vc_column_inner][vc_column_text][\/vc_column_text][vc_empty_space height=&#8221;16px&#8221;][\/vc_column_inner][vc_column_inner][vc_empty_space][\/vc_column_inner][\/vc_row_inner][vc_empty_space][\/vc_column][\/vc_row]<\/p>\n","protected":false},"author":1,"featured_media":0,"parent":0,"menu_order":0,"comment_status":"closed","ping_status":"closed","template":"","meta":{"_monsterinsights_skip_tracking":false,"_monsterinsights_sitenote_active":false,"_monsterinsights_sitenote_note":"","_monsterinsights_sitenote_category":0,"_uf_show_specific_survey":0,"_uf_disable_surveys":false,"footnotes":""},"class_list":["post-7007","page","type-page","status-publish","hentry"],"aioseo_notices":[],"_links":{"self":[{"href":"https:\/\/diyetisyenmeriem.com\/index.php\/wp-json\/wp\/v2\/pages\/7007","targetHints":{"allow":["GET"]}}],"collection":[{"href":"https:\/\/diyetisyenmeriem.com\/index.php\/wp-json\/wp\/v2\/pages"}],"about":[{"href":"https:\/\/diyetisyenmeriem.com\/index.php\/wp-json\/wp\/v2\/types\/page"}],"author":[{"embeddable":true,"href":"https:\/\/diyetisyenmeriem.com\/index.php\/wp-json\/wp\/v2\/users\/1"}],"replies":[{"embeddable":true,"href":"https:\/\/diyetisyenmeriem.com\/index.php\/wp-json\/wp\/v2\/comments?post=7007"}],"version-history":[{"count":3,"href":"https:\/\/diyetisyenmeriem.com\/index.php\/wp-json\/wp\/v2\/pages\/7007\/revisions"}],"predecessor-version":[{"id":7028,"href":"https:\/\/diyetisyenmeriem.com\/index.php\/wp-json\/wp\/v2\/pages\/7007\/revisions\/7028"}],"wp:attachment":[{"href":"https:\/\/diyetisyenmeriem.com\/index.php\/wp-json\/wp\/v2\/media?parent=7007"}],"curies":[{"name":"wp","href":"https:\/\/api.w.org\/{rel}","templated":true}]}}